{"id":542,"date":"2024-04-30T17:07:49","date_gmt":"2024-04-30T15:07:49","guid":{"rendered":"https:\/\/gellakuria.hu\/home-page\/"},"modified":"2025-04-16T17:51:06","modified_gmt":"2025-04-16T15:51:06","slug":"home-page","status":"publish","type":"page","link":"https:\/\/gellakuria.hu\/en\/","title":{"rendered":"Home"},"content":{"rendered":"\n<figure class=\"wp-block-gallery has-nested-images columns-5 is-cropped wp-block-gallery-1 is-layout-flex wp-block-gallery-is-layout-flex\">\n<figure class=\"wp-block-image size-thumbnail\"><a href=\"https:\/\/gellakuria.hu\/wp-content\/uploads\/2024\/05\/a_hazrol.jpg\"><img loading=\"lazy\" decoding=\"async\" width=\"150\" height=\"150\" data-id=\"390\" src=\"https:\/\/gellakuria.hu\/wp-content\/uploads\/2024\/05\/a_hazrol-150x150.jpg\" alt=\"Gella Mansion Balatonsz&#x151;l&#x151;s\" class=\"wp-image-390\" title=\"Gella Mansion Balatonsz&#x151;l&#x151;s\"\/><\/a><\/figure>\n\n\n\n<figure class=\"wp-block-image size-thumbnail\"><a href=\"https:\/\/gellakuria.hu\/wp-content\/uploads\/2024\/05\/a_haz.jpg\"><img loading=\"lazy\" decoding=\"async\" width=\"150\" height=\"150\" data-id=\"385\" src=\"https:\/\/gellakuria.hu\/wp-content\/uploads\/2024\/05\/a_haz-150x150.jpg\" alt=\"Gella Mansion Balatonsz&#x151;l&#x151;s\" class=\"wp-image-385\" title=\"Gella Mansion Balatonsz&#x151;l&#x151;s\"\/><\/a><\/figure>\n\n\n\n<figure class=\"wp-block-image size-thumbnail\"><a href=\"https:\/\/gellakuria.hu\/wp-content\/uploads\/2024\/05\/gallery.jpg\"><img loading=\"lazy\" decoding=\"async\" width=\"150\" height=\"150\" data-id=\"388\" src=\"https:\/\/gellakuria.hu\/wp-content\/uploads\/2024\/05\/gallery-150x150.jpg\" alt=\"Gella Mansion Balatonsz&#x151;l&#x151;s\" class=\"wp-image-388\" title=\"Gella Mansion Balatonsz&#x151;l&#x151;s\"\/><\/a><\/figure>\n\n\n\n<figure class=\"wp-block-image size-thumbnail\"><a href=\"https:\/\/gellakuria.hu\/wp-content\/uploads\/2024\/05\/Q5A1547.jpg\"><img loading=\"lazy\" decoding=\"async\" width=\"150\" height=\"150\" data-id=\"371\" src=\"https:\/\/gellakuria.hu\/wp-content\/uploads\/2024\/05\/Q5A1547-150x150.jpg\" alt=\"Gella Mansion Balatonsz&#x151;l&#x151;s\" class=\"wp-image-371\" title=\"Gella Mansion Balatonsz&#x151;l&#x151;s\"\/><\/a><\/figure>\n\n\n\n<figure class=\"wp-block-image size-thumbnail\"><a href=\"https:\/\/gellakuria.hu\/wp-content\/uploads\/2024\/05\/booking_hero-1.jpg\"><img loading=\"lazy\" decoding=\"async\" width=\"150\" height=\"150\" data-id=\"389\" src=\"https:\/\/gellakuria.hu\/wp-content\/uploads\/2024\/05\/booking_hero-1-150x150.jpg\" alt=\"Gella Mansion Balatonsz&#x151;l&#x151;s\" class=\"wp-image-389\" title=\"Gella Mansion Balatonsz&#x151;l&#x151;s\"\/><\/a><\/figure>\n<\/figure>\n","protected":false},"excerpt":{"rendered":"","protected":false},"author":1,"featured_media":533,"parent":0,"menu_order":0,"comment_status":"closed","ping_status":"closed","template":"page-home.php","meta":{"footnotes":""},"class_list":["post-542","page","type-page","status-publish","has-post-thumbnail","hentry"],"yoast_head":"<!-- This site is optimized with the Yoast SEO plugin v24.9 - https:\/\/yoast.com\/wordpress\/plugins\/seo\/ -->\n<title>Guesthouse with panoramic view Balatonsz\u0151l\u0151s<\/title>\n<meta name=\"description\" content=\"Guest house in Balatonsz\u0151l\u0151s. Our Mansion with a panoramic view of Lake Balaton guarantees a comfortable stay for up to 14 people.\" \/>\n<meta name=\"robots\" content=\"index, follow, max-snippet:-1, max-image-preview:large, max-video-preview:-1\" \/>\n<link rel=\"canonical\" href=\"https:\/\/gellakuria.hu\/en\/\" \/>\n<meta property=\"og:locale\" content=\"en_US\" \/>\n<meta property=\"og:type\" content=\"article\" \/>\n<meta property=\"og:title\" content=\"Guesthouse with panoramic view Balatonsz\u0151l\u0151s\" \/>\n<meta property=\"og:description\" content=\"Guest house in Balatonsz\u0151l\u0151s. Our Mansion with a panoramic view of Lake Balaton guarantees a comfortable stay for up to 14 people.\" \/>\n<meta property=\"og:url\" content=\"https:\/\/gellakuria.hu\/en\/\" \/>\n<meta property=\"og:site_name\" content=\"Gella K\u00faria\" \/>\n<meta property=\"article:publisher\" content=\"https:\/\/www.facebook.com\/gellakuria\" \/>\n<meta property=\"article:modified_time\" content=\"2025-04-16T15:51:06+00:00\" \/>\n<meta property=\"og:image\" content=\"https:\/\/gellakuria.hu\/wp-content\/uploads\/2024\/05\/a_hazrol-1024x767.jpg\" \/>\n\t<meta property=\"og:image:width\" content=\"1024\" \/>\n\t<meta property=\"og:image:height\" content=\"767\" \/>\n\t<meta property=\"og:image:type\" content=\"image\/jpeg\" \/>\n<meta name=\"twitter:card\" content=\"summary_large_image\" \/>\n<script type=\"application\/ld+json\" class=\"yoast-schema-graph\">{\"@context\":\"https:\/\/schema.org\",\"@graph\":[{\"@type\":\"WebPage\",\"@id\":\"https:\/\/gellakuria.hu\/en\/\",\"url\":\"https:\/\/gellakuria.hu\/en\/\",\"name\":\"Guesthouse with panoramic view Balatonsz\u0151l\u0151s\",\"isPartOf\":{\"@id\":\"https:\/\/gellakuria.hu\/en\/#website\"},\"primaryImageOfPage\":{\"@id\":\"https:\/\/gellakuria.hu\/en\/#primaryimage\"},\"image\":{\"@id\":\"https:\/\/gellakuria.hu\/en\/#primaryimage\"},\"thumbnailUrl\":\"https:\/\/gellakuria.hu\/wp-content\/uploads\/2024\/05\/a_hazrol.jpg\",\"datePublished\":\"2024-04-30T15:07:49+00:00\",\"dateModified\":\"2025-04-16T15:51:06+00:00\",\"description\":\"Guest house in Balatonsz\u0151l\u0151s. Our Mansion with a panoramic view of Lake Balaton guarantees a comfortable stay for up to 14 people.\",\"breadcrumb\":{\"@id\":\"https:\/\/gellakuria.hu\/en\/#breadcrumb\"},\"inLanguage\":\"en-US\",\"potentialAction\":[{\"@type\":\"ReadAction\",\"target\":[\"https:\/\/gellakuria.hu\/en\/\"]}]},{\"@type\":\"ImageObject\",\"inLanguage\":\"en-US\",\"@id\":\"https:\/\/gellakuria.hu\/en\/#primaryimage\",\"url\":\"https:\/\/gellakuria.hu\/wp-content\/uploads\/2024\/05\/a_hazrol.jpg\",\"contentUrl\":\"https:\/\/gellakuria.hu\/wp-content\/uploads\/2024\/05\/a_hazrol.jpg\",\"width\":1920,\"height\":1438},{\"@type\":\"BreadcrumbList\",\"@id\":\"https:\/\/gellakuria.hu\/en\/#breadcrumb\",\"itemListElement\":[{\"@type\":\"ListItem\",\"position\":1,\"name\":\"Kezd\u0151lap\",\"item\":\"https:\/\/gellakuria.hu\/en\/\"},{\"@type\":\"ListItem\",\"position\":2,\"name\":\"Home\"}]},{\"@type\":\"WebSite\",\"@id\":\"https:\/\/gellakuria.hu\/en\/#website\",\"url\":\"https:\/\/gellakuria.hu\/en\/\",\"name\":\"Gella K\u00faria\",\"description\":\"Panor\u00e1m\u00e1s Vend\u00e9gh\u00e1z Balatonsz\u0151l\u0151s\",\"publisher\":{\"@id\":\"https:\/\/gellakuria.hu\/en\/#organization\"},\"potentialAction\":[{\"@type\":\"SearchAction\",\"target\":{\"@type\":\"EntryPoint\",\"urlTemplate\":\"https:\/\/gellakuria.hu\/en\/?s={search_term_string}\"},\"query-input\":{\"@type\":\"PropertyValueSpecification\",\"valueRequired\":true,\"valueName\":\"search_term_string\"}}],\"inLanguage\":\"en-US\"},{\"@type\":\"Organization\",\"@id\":\"https:\/\/gellakuria.hu\/en\/#organization\",\"name\":\"Gella K\u00faria\",\"url\":\"https:\/\/gellakuria.hu\/en\/\",\"logo\":{\"@type\":\"ImageObject\",\"inLanguage\":\"en-US\",\"@id\":\"https:\/\/gellakuria.hu\/en\/#\/schema\/logo\/image\/\",\"url\":\"https:\/\/gellakuria.hu\/wp-content\/uploads\/2024\/05\/cropped-favicon.png\",\"contentUrl\":\"https:\/\/gellakuria.hu\/wp-content\/uploads\/2024\/05\/cropped-favicon.png\",\"width\":512,\"height\":512,\"caption\":\"Gella K\u00faria\"},\"image\":{\"@id\":\"https:\/\/gellakuria.hu\/en\/#\/schema\/logo\/image\/\"},\"sameAs\":[\"https:\/\/www.facebook.com\/gellakuria\",\"https:\/\/www.instagram.com\/gellakuria\/\"]}]}<\/script>\n<!-- \/ Yoast SEO plugin. -->","yoast_head_json":{"title":"Guesthouse with panoramic view Balatonsz\u0151l\u0151s","description":"Guest house in Balatonsz\u0151l\u0151s. Our Mansion with a panoramic view of Lake Balaton guarantees a comfortable stay for up to 14 people.","robots":{"index":"index","follow":"follow","max-snippet":"max-snippet:-1","max-image-preview":"max-image-preview:large","max-video-preview":"max-video-preview:-1"},"canonical":"https:\/\/gellakuria.hu\/en\/","og_locale":"en_US","og_type":"article","og_title":"Guesthouse with panoramic view Balatonsz\u0151l\u0151s","og_description":"Guest house in Balatonsz\u0151l\u0151s. Our Mansion with a panoramic view of Lake Balaton guarantees a comfortable stay for up to 14 people.","og_url":"https:\/\/gellakuria.hu\/en\/","og_site_name":"Gella K\u00faria","article_publisher":"https:\/\/www.facebook.com\/gellakuria","article_modified_time":"2025-04-16T15:51:06+00:00","og_image":[{"width":1024,"height":767,"url":"https:\/\/gellakuria.hu\/wp-content\/uploads\/2024\/05\/a_hazrol-1024x767.jpg","type":"image\/jpeg"}],"twitter_card":"summary_large_image","schema":{"@context":"https:\/\/schema.org","@graph":[{"@type":"WebPage","@id":"https:\/\/gellakuria.hu\/en\/","url":"https:\/\/gellakuria.hu\/en\/","name":"Guesthouse with panoramic view Balatonsz\u0151l\u0151s","isPartOf":{"@id":"https:\/\/gellakuria.hu\/en\/#website"},"primaryImageOfPage":{"@id":"https:\/\/gellakuria.hu\/en\/#primaryimage"},"image":{"@id":"https:\/\/gellakuria.hu\/en\/#primaryimage"},"thumbnailUrl":"https:\/\/gellakuria.hu\/wp-content\/uploads\/2024\/05\/a_hazrol.jpg","datePublished":"2024-04-30T15:07:49+00:00","dateModified":"2025-04-16T15:51:06+00:00","description":"Guest house in Balatonsz\u0151l\u0151s. Our Mansion with a panoramic view of Lake Balaton guarantees a comfortable stay for up to 14 people.","breadcrumb":{"@id":"https:\/\/gellakuria.hu\/en\/#breadcrumb"},"inLanguage":"en-US","potentialAction":[{"@type":"ReadAction","target":["https:\/\/gellakuria.hu\/en\/"]}]},{"@type":"ImageObject","inLanguage":"en-US","@id":"https:\/\/gellakuria.hu\/en\/#primaryimage","url":"https:\/\/gellakuria.hu\/wp-content\/uploads\/2024\/05\/a_hazrol.jpg","contentUrl":"https:\/\/gellakuria.hu\/wp-content\/uploads\/2024\/05\/a_hazrol.jpg","width":1920,"height":1438},{"@type":"BreadcrumbList","@id":"https:\/\/gellakuria.hu\/en\/#breadcrumb","itemListElement":[{"@type":"ListItem","position":1,"name":"Kezd\u0151lap","item":"https:\/\/gellakuria.hu\/en\/"},{"@type":"ListItem","position":2,"name":"Home"}]},{"@type":"WebSite","@id":"https:\/\/gellakuria.hu\/en\/#website","url":"https:\/\/gellakuria.hu\/en\/","name":"Gella K\u00faria","description":"Panor\u00e1m\u00e1s Vend\u00e9gh\u00e1z Balatonsz\u0151l\u0151s","publisher":{"@id":"https:\/\/gellakuria.hu\/en\/#organization"},"potentialAction":[{"@type":"SearchAction","target":{"@type":"EntryPoint","urlTemplate":"https:\/\/gellakuria.hu\/en\/?s={search_term_string}"},"query-input":{"@type":"PropertyValueSpecification","valueRequired":true,"valueName":"search_term_string"}}],"inLanguage":"en-US"},{"@type":"Organization","@id":"https:\/\/gellakuria.hu\/en\/#organization","name":"Gella K\u00faria","url":"https:\/\/gellakuria.hu\/en\/","logo":{"@type":"ImageObject","inLanguage":"en-US","@id":"https:\/\/gellakuria.hu\/en\/#\/schema\/logo\/image\/","url":"https:\/\/gellakuria.hu\/wp-content\/uploads\/2024\/05\/cropped-favicon.png","contentUrl":"https:\/\/gellakuria.hu\/wp-content\/uploads\/2024\/05\/cropped-favicon.png","width":512,"height":512,"caption":"Gella K\u00faria"},"image":{"@id":"https:\/\/gellakuria.hu\/en\/#\/schema\/logo\/image\/"},"sameAs":["https:\/\/www.facebook.com\/gellakuria","https:\/\/www.instagram.com\/gellakuria\/"]}]}},"_links":{"self":[{"href":"https:\/\/gellakuria.hu\/en\/wp-json\/wp\/v2\/pages\/542","targetHints":{"allow":["GET"]}}],"collection":[{"href":"https:\/\/gellakuria.hu\/en\/wp-json\/wp\/v2\/pages"}],"about":[{"href":"https:\/\/gellakuria.hu\/en\/wp-json\/wp\/v2\/types\/page"}],"author":[{"embeddable":true,"href":"https:\/\/gellakuria.hu\/en\/wp-json\/wp\/v2\/users\/1"}],"replies":[{"embeddable":true,"href":"https:\/\/gellakuria.hu\/en\/wp-json\/wp\/v2\/comments?post=542"}],"version-history":[{"count":5,"href":"https:\/\/gellakuria.hu\/en\/wp-json\/wp\/v2\/pages\/542\/revisions"}],"predecessor-version":[{"id":547,"href":"https:\/\/gellakuria.hu\/en\/wp-json\/wp\/v2\/pages\/542\/revisions\/547"}],"wp:featuredmedia":[{"embeddable":true,"href":"https:\/\/gellakuria.hu\/en\/wp-json\/wp\/v2\/media\/533"}],"wp:attachment":[{"href":"https:\/\/gellakuria.hu\/en\/wp-json\/wp\/v2\/media?parent=542"}],"curies":[{"name":"wp","href":"https:\/\/api.w.org\/{rel}","templated":true}]}}