{"id":548,"date":"2024-05-01T08:11:12","date_gmt":"2024-05-01T06:11:12","guid":{"rendered":"https:\/\/gellakuria.hu\/booking\/"},"modified":"2025-04-16T23:28:15","modified_gmt":"2025-04-16T21:28:15","slug":"booking","status":"publish","type":"page","link":"https:\/\/gellakuria.hu\/en\/booking\/","title":{"rendered":"Booking"},"content":{"rendered":"\n<div class=\"wp-block-group booking_info col-12\"><div class=\"wp-block-group__inner-container is-layout-constrained wp-block-group-is-layout-constrained\">\n<div class=\"wp-block-group row is-nowrap is-layout-flex wp-container-core-group-is-layout-64989fb1 wp-block-group-is-layout-flex\">\n<div class=\"wp-block-group  col-12 col-md-6 pe-md-4 mb-4 mb-md-0\"><div class=\"wp-block-group__inner-container is-layout-constrained wp-block-group-is-layout-constrained\">\n<h3 class=\"wp-block-heading mb-4\">Booking information<\/h3>\n\n\n\n<p>Please note that<strong> the whole house can be rented together.<\/strong><\/p>\n\n\n\n<p>Price of accommodation: <strong>230 000 HUF\/night*<\/strong><\/p>\n\n\n\n<p><small>*In addition to the accommodation fee, a tourist tax (IFA) of HUF 600 per person per night is payable for all guests over 18 years of age. <\/small><\/p>\n<\/div><\/div>\n\n\n\n<div class=\"wp-block-group col-12 col-md-6 ps-md-4\"><div class=\"wp-block-group__inner-container is-layout-constrained wp-block-group-is-layout-constrained\">\n<h3 class=\"wp-block-heading mb-4\">Finalising your booking<\/h3>\n\n\n\n<p>To finalise your reservation, please transfer the 50% of the total amount within 72 hours of booking to the following account number:<\/p>\n\n\n\n<p><strong>Gella K\u00faria Kft.<br\/>Raiffeisen Bank: 12001008-01677463-00100003<\/strong><\/p>\n<\/div><\/div>\n<\/div>\n<\/div><\/div>\n","protected":false},"excerpt":{"rendered":"<p>Booking information Please note that the whole house can be rented together. Price of accommodation: 230 000 HUF\/night* *In addition to the accommodation fee, a tourist tax (IFA) of HUF 600 per person per night is payable for all guests over 18 years of age. Finalising your booking To finalise your reservation, please transfer the [&hellip;]<\/p>\n","protected":false},"author":1,"featured_media":532,"parent":0,"menu_order":0,"comment_status":"closed","ping_status":"closed","template":"page-booking.php","meta":{"footnotes":""},"class_list":["post-548","page","type-page","status-publish","has-post-thumbnail","hentry"],"yoast_head":"<!-- This site is optimized with the Yoast SEO plugin v24.9 - https:\/\/yoast.com\/wordpress\/plugins\/seo\/ -->\n<title>Booking - Gella K\u00faria<\/title>\n<meta name=\"robots\" content=\"index, follow, max-snippet:-1, max-image-preview:large, max-video-preview:-1\" \/>\n<link rel=\"canonical\" href=\"https:\/\/gellakuria.hu\/en\/booking\/\" \/>\n<meta property=\"og:locale\" content=\"en_US\" \/>\n<meta property=\"og:type\" content=\"article\" \/>\n<meta property=\"og:title\" content=\"Booking - Gella K\u00faria\" \/>\n<meta property=\"og:description\" content=\"Booking information Please note that the whole house can be rented together. Price of accommodation: 230 000 HUF\/night* *In addition to the accommodation fee, a tourist tax (IFA) of HUF 600 per person per night is payable for all guests over 18 years of age. Finalising your booking To finalise your reservation, please transfer the [&hellip;]\" \/>\n<meta property=\"og:url\" content=\"https:\/\/gellakuria.hu\/en\/booking\/\" \/>\n<meta property=\"og:site_name\" content=\"Gella K\u00faria\" \/>\n<meta property=\"article:publisher\" content=\"https:\/\/www.facebook.com\/gellakuria\" \/>\n<meta property=\"article:modified_time\" content=\"2025-04-16T21:28:15+00:00\" \/>\n<meta property=\"og:image\" content=\"https:\/\/gellakuria.hu\/wp-content\/uploads\/2024\/05\/booking_hero-1.jpg\" \/>\n\t<meta property=\"og:image:width\" content=\"1920\" \/>\n\t<meta property=\"og:image:height\" content=\"1280\" \/>\n\t<meta property=\"og:image:type\" content=\"image\/jpeg\" \/>\n<meta name=\"twitter:card\" content=\"summary_large_image\" \/>\n<script type=\"application\/ld+json\" class=\"yoast-schema-graph\">{\"@context\":\"https:\/\/schema.org\",\"@graph\":[{\"@type\":\"WebPage\",\"@id\":\"https:\/\/gellakuria.hu\/en\/booking\/\",\"url\":\"https:\/\/gellakuria.hu\/en\/booking\/\",\"name\":\"Booking - Gella K\u00faria\",\"isPartOf\":{\"@id\":\"https:\/\/gellakuria.hu\/en\/#website\"},\"primaryImageOfPage\":{\"@id\":\"https:\/\/gellakuria.hu\/en\/booking\/#primaryimage\"},\"image\":{\"@id\":\"https:\/\/gellakuria.hu\/en\/booking\/#primaryimage\"},\"thumbnailUrl\":\"https:\/\/gellakuria.hu\/wp-content\/uploads\/2024\/05\/booking_hero-1.jpg\",\"datePublished\":\"2024-05-01T06:11:12+00:00\",\"dateModified\":\"2025-04-16T21:28:15+00:00\",\"breadcrumb\":{\"@id\":\"https:\/\/gellakuria.hu\/en\/booking\/#breadcrumb\"},\"inLanguage\":\"en-US\",\"potentialAction\":[{\"@type\":\"ReadAction\",\"target\":[\"https:\/\/gellakuria.hu\/en\/booking\/\"]}]},{\"@type\":\"ImageObject\",\"inLanguage\":\"en-US\",\"@id\":\"https:\/\/gellakuria.hu\/en\/booking\/#primaryimage\",\"url\":\"https:\/\/gellakuria.hu\/wp-content\/uploads\/2024\/05\/booking_hero-1.jpg\",\"contentUrl\":\"https:\/\/gellakuria.hu\/wp-content\/uploads\/2024\/05\/booking_hero-1.jpg\",\"width\":1920,\"height\":1280},{\"@type\":\"BreadcrumbList\",\"@id\":\"https:\/\/gellakuria.hu\/en\/booking\/#breadcrumb\",\"itemListElement\":[{\"@type\":\"ListItem\",\"position\":1,\"name\":\"Kezd\u0151lap\",\"item\":\"https:\/\/gellakuria.hu\/en\/\"},{\"@type\":\"ListItem\",\"position\":2,\"name\":\"Booking\"}]},{\"@type\":\"WebSite\",\"@id\":\"https:\/\/gellakuria.hu\/en\/#website\",\"url\":\"https:\/\/gellakuria.hu\/en\/\",\"name\":\"Gella K\u00faria\",\"description\":\"Panor\u00e1m\u00e1s Vend\u00e9gh\u00e1z Balatonsz\u0151l\u0151s\",\"publisher\":{\"@id\":\"https:\/\/gellakuria.hu\/en\/#organization\"},\"potentialAction\":[{\"@type\":\"SearchAction\",\"target\":{\"@type\":\"EntryPoint\",\"urlTemplate\":\"https:\/\/gellakuria.hu\/en\/?s={search_term_string}\"},\"query-input\":{\"@type\":\"PropertyValueSpecification\",\"valueRequired\":true,\"valueName\":\"search_term_string\"}}],\"inLanguage\":\"en-US\"},{\"@type\":\"Organization\",\"@id\":\"https:\/\/gellakuria.hu\/en\/#organization\",\"name\":\"Gella K\u00faria\",\"url\":\"https:\/\/gellakuria.hu\/en\/\",\"logo\":{\"@type\":\"ImageObject\",\"inLanguage\":\"en-US\",\"@id\":\"https:\/\/gellakuria.hu\/en\/#\/schema\/logo\/image\/\",\"url\":\"https:\/\/gellakuria.hu\/wp-content\/uploads\/2024\/05\/cropped-favicon.png\",\"contentUrl\":\"https:\/\/gellakuria.hu\/wp-content\/uploads\/2024\/05\/cropped-favicon.png\",\"width\":512,\"height\":512,\"caption\":\"Gella K\u00faria\"},\"image\":{\"@id\":\"https:\/\/gellakuria.hu\/en\/#\/schema\/logo\/image\/\"},\"sameAs\":[\"https:\/\/www.facebook.com\/gellakuria\",\"https:\/\/www.instagram.com\/gellakuria\/\"]}]}<\/script>\n<!-- \/ Yoast SEO plugin. -->","yoast_head_json":{"title":"Booking - Gella K\u00faria","robots":{"index":"index","follow":"follow","max-snippet":"max-snippet:-1","max-image-preview":"max-image-preview:large","max-video-preview":"max-video-preview:-1"},"canonical":"https:\/\/gellakuria.hu\/en\/booking\/","og_locale":"en_US","og_type":"article","og_title":"Booking - Gella K\u00faria","og_description":"Booking information Please note that the whole house can be rented together. Price of accommodation: 230 000 HUF\/night* *In addition to the accommodation fee, a tourist tax (IFA) of HUF 600 per person per night is payable for all guests over 18 years of age. Finalising your booking To finalise your reservation, please transfer the [&hellip;]","og_url":"https:\/\/gellakuria.hu\/en\/booking\/","og_site_name":"Gella K\u00faria","article_publisher":"https:\/\/www.facebook.com\/gellakuria","article_modified_time":"2025-04-16T21:28:15+00:00","og_image":[{"width":1920,"height":1280,"url":"https:\/\/gellakuria.hu\/wp-content\/uploads\/2024\/05\/booking_hero-1.jpg","type":"image\/jpeg"}],"twitter_card":"summary_large_image","schema":{"@context":"https:\/\/schema.org","@graph":[{"@type":"WebPage","@id":"https:\/\/gellakuria.hu\/en\/booking\/","url":"https:\/\/gellakuria.hu\/en\/booking\/","name":"Booking - Gella K\u00faria","isPartOf":{"@id":"https:\/\/gellakuria.hu\/en\/#website"},"primaryImageOfPage":{"@id":"https:\/\/gellakuria.hu\/en\/booking\/#primaryimage"},"image":{"@id":"https:\/\/gellakuria.hu\/en\/booking\/#primaryimage"},"thumbnailUrl":"https:\/\/gellakuria.hu\/wp-content\/uploads\/2024\/05\/booking_hero-1.jpg","datePublished":"2024-05-01T06:11:12+00:00","dateModified":"2025-04-16T21:28:15+00:00","breadcrumb":{"@id":"https:\/\/gellakuria.hu\/en\/booking\/#breadcrumb"},"inLanguage":"en-US","potentialAction":[{"@type":"ReadAction","target":["https:\/\/gellakuria.hu\/en\/booking\/"]}]},{"@type":"ImageObject","inLanguage":"en-US","@id":"https:\/\/gellakuria.hu\/en\/booking\/#primaryimage","url":"https:\/\/gellakuria.hu\/wp-content\/uploads\/2024\/05\/booking_hero-1.jpg","contentUrl":"https:\/\/gellakuria.hu\/wp-content\/uploads\/2024\/05\/booking_hero-1.jpg","width":1920,"height":1280},{"@type":"BreadcrumbList","@id":"https:\/\/gellakuria.hu\/en\/booking\/#breadcrumb","itemListElement":[{"@type":"ListItem","position":1,"name":"Kezd\u0151lap","item":"https:\/\/gellakuria.hu\/en\/"},{"@type":"ListItem","position":2,"name":"Booking"}]},{"@type":"WebSite","@id":"https:\/\/gellakuria.hu\/en\/#website","url":"https:\/\/gellakuria.hu\/en\/","name":"Gella K\u00faria","description":"Panor\u00e1m\u00e1s Vend\u00e9gh\u00e1z Balatonsz\u0151l\u0151s","publisher":{"@id":"https:\/\/gellakuria.hu\/en\/#organization"},"potentialAction":[{"@type":"SearchAction","target":{"@type":"EntryPoint","urlTemplate":"https:\/\/gellakuria.hu\/en\/?s={search_term_string}"},"query-input":{"@type":"PropertyValueSpecification","valueRequired":true,"valueName":"search_term_string"}}],"inLanguage":"en-US"},{"@type":"Organization","@id":"https:\/\/gellakuria.hu\/en\/#organization","name":"Gella K\u00faria","url":"https:\/\/gellakuria.hu\/en\/","logo":{"@type":"ImageObject","inLanguage":"en-US","@id":"https:\/\/gellakuria.hu\/en\/#\/schema\/logo\/image\/","url":"https:\/\/gellakuria.hu\/wp-content\/uploads\/2024\/05\/cropped-favicon.png","contentUrl":"https:\/\/gellakuria.hu\/wp-content\/uploads\/2024\/05\/cropped-favicon.png","width":512,"height":512,"caption":"Gella K\u00faria"},"image":{"@id":"https:\/\/gellakuria.hu\/en\/#\/schema\/logo\/image\/"},"sameAs":["https:\/\/www.facebook.com\/gellakuria","https:\/\/www.instagram.com\/gellakuria\/"]}]}},"_links":{"self":[{"href":"https:\/\/gellakuria.hu\/en\/wp-json\/wp\/v2\/pages\/548","targetHints":{"allow":["GET"]}}],"collection":[{"href":"https:\/\/gellakuria.hu\/en\/wp-json\/wp\/v2\/pages"}],"about":[{"href":"https:\/\/gellakuria.hu\/en\/wp-json\/wp\/v2\/types\/page"}],"author":[{"embeddable":true,"href":"https:\/\/gellakuria.hu\/en\/wp-json\/wp\/v2\/users\/1"}],"replies":[{"embeddable":true,"href":"https:\/\/gellakuria.hu\/en\/wp-json\/wp\/v2\/comments?post=548"}],"version-history":[{"count":1,"href":"https:\/\/gellakuria.hu\/en\/wp-json\/wp\/v2\/pages\/548\/revisions"}],"predecessor-version":[{"id":549,"href":"https:\/\/gellakuria.hu\/en\/wp-json\/wp\/v2\/pages\/548\/revisions\/549"}],"wp:featuredmedia":[{"embeddable":true,"href":"https:\/\/gellakuria.hu\/en\/wp-json\/wp\/v2\/media\/532"}],"wp:attachment":[{"href":"https:\/\/gellakuria.hu\/en\/wp-json\/wp\/v2\/media?parent=548"}],"curies":[{"name":"wp","href":"https:\/\/api.w.org\/{rel}","templated":true}]}}